{"id":8398,"date":"2024-07-02T08:10:36","date_gmt":"2024-07-02T05:10:36","guid":{"rendered":"https:\/\/sophiahomedecoration.com\/terms-and-conditions\/"},"modified":"2024-07-06T14:56:00","modified_gmt":"2024-07-06T11:56:00","slug":"termeni-si-conditii","status":"publish","type":"page","link":"https:\/\/sophiahomedecoration.com\/ro\/termeni-si-conditii\/","title":{"rendered":"Termeni \u0219i condi\u021bii"},"content":{"rendered":"\t\t<div data-elementor-type=\"wp-page\" data-elementor-id=\"8398\" class=\"elementor elementor-8398 elementor-7369\" data-elementor-post-type=\"page\">\n\t\t\t\t<div class=\"elementor-element elementor-element-b66f242 e-con-full e-flex e-con e-parent\" data-id=\"b66f242\" data-element_type=\"container\" data-e-type=\"container\" data-settings=\"{&quot;background_background&quot;:&quot;classic&quot;}\">\n\t\t\t\t<div class=\"elementor-element elementor-element-d4768dd elementor-widget__width-inherit elementor-widget elementor-widget-heading\" data-id=\"d4768dd\" data-element_type=\"widget\" data-e-type=\"widget\" data-widget_type=\"heading.default\">\n\t\t\t\t<div class=\"elementor-widget-container\">\n\t\t\t\t\t<h1 class=\"elementor-heading-title elementor-size-default\">Termeni \u0219i condi\u021bii<\/h1>\t\t\t\t<\/div>\n\t\t\t\t<\/div>\n\t\t\t\t<\/div>\n\t\t<div class=\"elementor-element elementor-element-1fa97b5 e-con-full e-flex e-con e-parent\" data-id=\"1fa97b5\" data-element_type=\"container\" data-e-type=\"container\">\n\t\t\t\t<div class=\"elementor-element elementor-element-6d110c2 elementor-widget elementor-widget-text-editor\" data-id=\"6d110c2\" data-element_type=\"widget\" data-e-type=\"widget\" data-widget_type=\"text-editor.default\">\n\t\t\t\t<div class=\"elementor-widget-container\">\n\t\t\t\t\t\t\t\t\t<p>La adresa <a href=\"https:\/\/sophiahomedecoration.com\/\">www.sophiahomedecoration.com<\/a> se reg\u0103sesc informa\u021bii (texte, poze, baze de date etc.) care constituie con\u021binutul site-ului <a href=\"https:\/\/sophiahomedecoration.com\/\">www.sophiahomedecoration.com<\/a>, proprietatea <strong>SOPHIA 2004 SRL<\/strong>, cu sediul social \u00een ROM\u00c2NIA, JUDE\u021aUL IA\u0218I, SAT VALEA LUPULUI, DN. 28, 36A, \u00eenregistrata la Registrul Comer\u021bului cu nr. J22\/2031\/2004, CUI 16801404. Orice preluare a con\u021binutului (integral\u0103 sau par\u021bial\u0103) \u00een alte scopuri dec\u00e2t \u00een interes personal este sanc\u021bionat\u0103 de legisla\u021bia privind drepturile de proprietate intelectual\u0103.<br \/>Informa\u021biile oferite \u00een cadrul prezentului website sunt \u00een limba rom\u00e2n\u0103 (<a href=\"https:\/\/sophiahomedecoration.com\/\">www.sophiahomedecoration.com<\/a>), f\u0103r\u0103 a exclude prezentarea acestora \u00een alte limbi.<br \/><strong>Folosirea site-ului <a href=\"https:\/\/sophiahomedecoration.com\/\">www.sophiahomedecoration.com<\/a>\u00a0implic\u0103 acceptarea termenilor \u0219i condi\u021biilor ce vor fi detaliate \u00een paragrafele urm\u0103toare.<\/strong><br \/>Pentru folosirea \u00een cele mai bune condi\u021bii a site-ului, se recomand\u0103 citirea cu aten\u021bie a termenilor \u0219i condi\u021biilor.<br \/><strong>SOPHIA 2004 SRL<\/strong> \u00ee\u0219i asum\u0103 dreptul de a face modific\u0103ri ale acestor prevederi f\u0103r\u0103 alt\u0103 notificare. C\u00e2nd se acceseaz\u0103 acest capitol de pe site (termeni \u0219i condi\u021bii), se parcurge varianta cea mai nou\u0103 a acestui contract.<\/p>\t\t\t\t\t\t\t\t<\/div>\n\t\t\t\t<\/div>\n\t\t\t\t<div class=\"elementor-element elementor-element-19c686d elementor-widget elementor-widget-heading\" data-id=\"19c686d\" data-element_type=\"widget\" data-e-type=\"widget\" data-widget_type=\"heading.default\">\n\t\t\t\t<div class=\"elementor-widget-container\">\n\t\t\t\t\t<h2 class=\"elementor-heading-title elementor-size-default\">1. LIMITAREA RESPONSABILIT\u0102\u021aII<\/h2>\t\t\t\t<\/div>\n\t\t\t\t<\/div>\n\t\t\t\t<div class=\"elementor-element elementor-element-b145e38 elementor-widget elementor-widget-text-editor\" data-id=\"b145e38\" data-element_type=\"widget\" data-e-type=\"widget\" data-widget_type=\"text-editor.default\">\n\t\t\t\t<div class=\"elementor-widget-container\">\n\t\t\t\t\t\t\t\t\t<p>Prin accesarea site-ului sunte\u021bi de acord c\u0103 utilizarea sa se face pe propria dumneavoastr\u0103 r\u0103spundere. <strong>SOPHIA 2004 SRL<\/strong>\u00a0nu este responsabil\u0103 pentru niciun incident direct sau indirect sau orice alte pierderi, costuri sau cheltuieli de orice natur\u0103 care pot ap\u0103rea, ca urmare a acces\u0103rii sau navig\u0103rii \u00een site sau prin intermediul desc\u0103rc\u0103rilor de date (text, imagini, video sau audio).<br \/>Con\u021binutul site-ului <a href=\"https:\/\/sophiahomedecoration.com\/\">www.sophiahomedecoration.com<\/a> a fost alc\u0103tuit cu cea mai mare aten\u021bie pentru introducerea corect\u0103 a datelor \u0219i respectarea acurate\u021bii informa\u021biilor. Totu\u0219i, erorile nu sunt imposibile. De aceea, <strong>SOPHIA 2004 SRL<\/strong><strong>\u00a0<\/strong>nu \u00ee\u0219i asum\u0103 responsabilitatea pentru gre\u0219elile de tipar sau afi\u0219are, \u00een ceea ce prive\u0219te imaginile, caracteristicile, etc.<br \/><strong>SOPHIA 2004 SRL<\/strong> nu este responsabil\u0103 de nicio daun\u0103 provocat\u0103 de viru\u0219i, bug-uri, ac\u021biuni umane sau orice defectiune a sistemului informatic, sau orice alte erori, defectiuni sau \u00eent\u00e2rzieri de comunica\u021bii \u00een transmisiile pe dispozitive.<br \/>Toate informa\u021biile \u0219i materialele con\u021binute pe acest site sunt furnizate \u00een mod gratuit, f\u0103r\u0103 niciun fel de garan\u021bie. Sub nicio circumstan\u021b\u0103 <strong>SOPHIA 2004 SRL<\/strong>\u00a0nu va fi responsabil\u0103 pentru nicio daun\u0103 direct\u0103, indirect\u0103, accidental\u0103 sau special\u0103 care rezult\u0103 din utilizarea sau incapacitatea de a utiliza acest site \u0219i nu va fi responsabil\u0103 de orice daune ce sunt rezultat a gre\u0219elilor, omisiunilor, \u00eentreruperilor, erorilor, defec\u021biunilor, \u00eent\u00e2rzierilor \u00een func\u021bionare sau transmisie sau orice ne\u00eendeplinire de performan\u021b\u0103 a site-ului.<br \/>Prin accesarea site-ului, vizitatorul accept\u0103 \u00een mod expres \u0219i f\u0103r\u0103 echivoc,\u00a0<strong>Termenii \u0219i condi\u021biile<\/strong>\u00a0site-ului \u0219i condi\u021biile \u00een care se desf\u0103\u0219oar\u0103 procesul de contact \u0219i\/sau cerere de ofert\u0103, a\u0219a cum sunt ele prezentate pe site.<\/p>\t\t\t\t\t\t\t\t<\/div>\n\t\t\t\t<\/div>\n\t\t\t\t<div class=\"elementor-element elementor-element-f7b7dab elementor-widget elementor-widget-heading\" data-id=\"f7b7dab\" data-element_type=\"widget\" data-e-type=\"widget\" data-widget_type=\"heading.default\">\n\t\t\t\t<div class=\"elementor-widget-container\">\n\t\t\t\t\t<h2 class=\"elementor-heading-title elementor-size-default\">2. PUBLICITATE \u0218I CONFIDEN\u021aIALITATE<\/h2>\t\t\t\t<\/div>\n\t\t\t\t<\/div>\n\t\t\t\t<div class=\"elementor-element elementor-element-ab7585d elementor-widget elementor-widget-text-editor\" data-id=\"ab7585d\" data-element_type=\"widget\" data-e-type=\"widget\" data-widget_type=\"text-editor.default\">\n\t\t\t\t<div class=\"elementor-widget-container\">\n\t\t\t\t\t\t\t\t\t<p><strong>Utilizatorul nu va face publice, unor ter\u021bi, prin orice mijloace, nicio informa\u021bie cu caracter privat primit\u0103 de la SOPHIA 2004 SRL, sub sanc\u021biunea oblig\u0103rii acestuia la plata de daune interese.<\/strong><br \/><strong>De asemenea, SOPHIA 2004 SRL<\/strong>\u00a0nu va face publice niciunei ter\u021be p\u0103r\u021bi nicio informa\u021bie transmis\u0103 f\u0103r\u0103 acordul scris al utilizatorului, cu excep\u021bia partenerilor agrea\u021bi, furnizorilor de servicii cu care exist\u0103 un contract prin care se protejeaz\u0103 aceste date.<strong><br \/><a href=\"https:\/\/sophiahomedecoration.com\/politica-de-confidentialitate\/\">Citi\u021bi documentul politicii de confiden\u021bialitate<\/a>.<\/strong><\/p>\t\t\t\t\t\t\t\t<\/div>\n\t\t\t\t<\/div>\n\t\t\t\t<div class=\"elementor-element elementor-element-543d3e1 elementor-widget elementor-widget-heading\" data-id=\"543d3e1\" data-element_type=\"widget\" data-e-type=\"widget\" data-widget_type=\"heading.default\">\n\t\t\t\t<div class=\"elementor-widget-container\">\n\t\t\t\t\t<h2 class=\"elementor-heading-title elementor-size-default\">3. LEG\u0102TURI<\/h2>\t\t\t\t<\/div>\n\t\t\t\t<\/div>\n\t\t\t\t<div class=\"elementor-element elementor-element-1aecadc elementor-widget elementor-widget-text-editor\" data-id=\"1aecadc\" data-element_type=\"widget\" data-e-type=\"widget\" data-widget_type=\"text-editor.default\">\n\t\t\t\t<div class=\"elementor-widget-container\">\n\t\t\t\t\t\t\t\t\t<p>Site-ul <a href=\"https:\/\/sophiahomedecoration.com\/\" data-wplink-edit=\"true\">www.sophiahomedecoration.com <\/a>poate con\u021bine linkuri c\u0103tre alte site-uri sau alte surse. <strong>SOPHIA 2004 SRL<\/strong>\u00a0nu este responsabil pentru orice pagub\u0103 sau pierdere cauzat\u0103 sau presupus\u0103 a fi cauzat\u0103 de informa\u021biile furnizate de site-urile sau sursele spre care trimit aceste linkuri.<\/p>\t\t\t\t\t\t\t\t<\/div>\n\t\t\t\t<\/div>\n\t\t\t\t<div class=\"elementor-element elementor-element-153deab elementor-widget elementor-widget-heading\" data-id=\"153deab\" data-element_type=\"widget\" data-e-type=\"widget\" data-widget_type=\"heading.default\">\n\t\t\t\t<div class=\"elementor-widget-container\">\n\t\t\t\t\t<h2 class=\"elementor-heading-title elementor-size-default\">4. FRAUD\u0102<\/h2>\t\t\t\t<\/div>\n\t\t\t\t<\/div>\n\t\t\t\t<div class=\"elementor-element elementor-element-1a152e2 elementor-widget elementor-widget-text-editor\" data-id=\"1a152e2\" data-element_type=\"widget\" data-e-type=\"widget\" data-widget_type=\"text-editor.default\">\n\t\t\t\t<div class=\"elementor-widget-container\">\n\t\t\t\t\t\t\t\t\t<p>ORICE \u00ceNCERCARE DE A ACCESA DATELE PERSONALE ALE ALTUI UTILIZATOR, DE A MODIFICA CON\u021aINUTUL SITE-ULUI <a href=\"https:\/\/sophiahomedecoration.com\/\">WWW.SOPHIAHOMEDECORATION.COM<\/a> SAU DE A AFECTA FUNC\u021aIONAREA SERVERULUI CARE G\u0102ZDUIE\u0218TE SITE-UL <a href=\"https:\/\/sophiahomedecoration.com\/\">WWW.SOPHIAHOMEDECORATION.COM<\/a> VA FI CONSIDERAT\u0102 O TENTATIV\u0102 DE FRAUDARE A SITE-ULUI \u0218I VA DECLAN\u0218A URM\u0102RIREA PENAL\u0102 \u00ceMPOTRIVA AUTORULUI SAU AUTORILOR ACESTOR FAPTE.<\/p>\t\t\t\t\t\t\t\t<\/div>\n\t\t\t\t<\/div>\n\t\t\t\t<div class=\"elementor-element elementor-element-e0a395d elementor-widget elementor-widget-heading\" data-id=\"e0a395d\" data-element_type=\"widget\" data-e-type=\"widget\" data-widget_type=\"heading.default\">\n\t\t\t\t<div class=\"elementor-widget-container\">\n\t\t\t\t\t<h2 class=\"elementor-heading-title elementor-size-default\">5. SECURITATEA DATELOR PERSONALE \u0218I A INFORMA\u021aIILOR<\/h2>\t\t\t\t<\/div>\n\t\t\t\t<\/div>\n\t\t\t\t<div class=\"elementor-element elementor-element-23bc69b elementor-widget elementor-widget-text-editor\" data-id=\"23bc69b\" data-element_type=\"widget\" data-e-type=\"widget\" data-widget_type=\"text-editor.default\">\n\t\t\t\t<div class=\"elementor-widget-container\">\n\t\t\t\t\t\t\t\t\t<p>Datele personale ale utilizatorului vor putea fi folosite de c\u0103tre <strong>SOPHIA 2004 SRL<\/strong>\u00a0numai \u00een scopul declarat al acestui site. Informa\u021biile \u0219i datele din formularul de contact \u0219i cel de cerere de ofert\u0103 vor fi folosite numai pentru a r\u0103spunde solicit\u0103rilor emitentului.<br \/>Datele personale vor putea fi \u00eens\u0103 transmise autorit\u0103\u021bilor \u00een drept s\u0103 efectueze orice verific\u0103ri justificate \u00een baza legii, dac\u0103 acest lucru va fi solicitat \u00een conformitate cu legile \u00een vigoare.<br \/><strong>SOPHIA 2004 SRL<\/strong> <strong>nu vinde, nu ofer\u0103, nu face schimb de adrese de e-mail ob\u021binute prin intermediul acestui site, nu dezv\u0103luie adresa dumneavoastr\u0103 de e-mail altor persoane care acceseaz\u0103 paginile acestui site.<\/strong><br \/>Din 25 mai 2018,\u00a0<strong>conform Regulamentului (UE) 679\/2016<\/strong>\u00a0privind protec\u021bia persoanelor fizice \u00een ceea ce prive\u0219te prelucrarea datelor cu caracter personal \u0219i privind libera circula\u021bie a acestor date \u0219i de abrogare a\u00a0<strong>Directivei 95\/46\/CE<\/strong> (Regulamentul general privind protec\u021bia datelor) denumit \u00een continuare \u201eRegulamentul GDPR\u201d, <strong>SOPHIA 2004 SRL<\/strong>\u00a0are obliga\u021bia de a administra \u00een condi\u021bii de siguran\u021b\u0103 \u0219i numai pentru scopurile specificate, datele personale furnizate de vizitator. Scopul colect\u0103rii datelor este de a r\u0103spunde vizavi de solicit\u0103rile vizitatorilor, a\u0219a cum apare descris \u00een\u00a0<a href=\"https:\/\/sophiahomedecoration.com\/politica-de-confidentialitate\/\"><strong>politica de confiden\u021bialitate.<\/strong><\/a><\/p><p><strong>Conform Regulamentului (UE) 679\/2016<\/strong>, beneficia\u021bi de urm\u0103toarele drepturi:<\/p><p><strong>1. Dreptul la informare \u0219i acces la date cu caracter personal:<\/strong>\u00a0dreptul de a ob\u021bine o confirmare a faptului c\u0103 se prelucreaz\u0103 sau nu date cu caracter personal care v\u0103 privesc \u0219i, \u00een caz afirmativ, acces la datele respective.<\/p><p><strong>2. Dreptul la rectificare:<\/strong>\u00a0dreptul de a solicita Operatorului \u0219i de a ob\u021bine, f\u0103r\u0103 \u00eent\u00e2rzieri nejustificate, rectificarea datelor cu caracter personal inexacte care v\u0103 privesc \u0219i\/sau de a ob\u021bine completarea datelor cu caracter personal care sunt incomplete, cu men\u021biunea c\u0103 \u00een cazul unui cont online aceste modific\u0103ri le pute\u021bi efectua personal din sec\u021biunea de editare a datelor contului.<\/p><p><strong>3. Dreptul la \u0219tergerea datelor (\u201edreptul de a fi uitat\u201d):<\/strong>\u00a0dreptul de a ob\u021bine \u0219tergerea datelor cu caracter personal care v\u0103 privesc, f\u0103r\u0103 \u00eent\u00e2rzieri nejustificate, \u00een cazul \u00een care se aplic\u0103 anumite motive men\u021bionate \u00een\u00a0<a href=\"https:\/\/sophiahomedecoration.com\/politica-de-confidentialitate\/\"><strong>Regulamentul GDPR<\/strong><\/a>.<\/p><p><strong>4. Dreptul la restric\u021bionarea prelucr\u0103rii:<\/strong>\u00a0dreptul de a ob\u021bine restr\u00e2ngerea prelucr\u0103rii \u00een anumite cazuri.<\/p><p><strong>5. Dreptul la portabilitatea datelor:<\/strong>\u00a0dreptul de a primi datele cu caracter personal care v\u0103 privesc \u0219i de a le transmite c\u0103tre un alt operator.\u00a0<\/p><p><strong>6. Dreptul la opozi\u021bie:<\/strong>\u00a0dreptul de a v\u0103 opune \u00een orice moment prelucr\u0103rii datelor cu caracter personal care v\u0103 privesc, \u00een condi\u021biile\u00a0<a href=\"https:\/\/sophiahomedecoration.com\/politica-de-confidentialitate\/\"><strong>Regulamentului GDPR<\/strong><\/a>.<\/p><p><strong>7. Dreptul de a nu face obiectul unei decizii bazate exclusiv pe prelucrarea automat\u0103, inclusiv crearea de profiluri<\/strong>, care produce efecte juridice care v\u0103 privesc sau v\u0103 afecteaz\u0103 \u00een mod similar \u00eentr-o m\u0103sur\u0103 semnificativ\u0103.<\/p><p><strong>8. Dreptul s\u0103 v\u0103 adresa\u021bi printr-o pl\u00e2ngere Autorit\u0103\u021bii Na\u021bionale de Supraveghere a Prelucr\u0103rii Datelor cu Caracter Personal (ANSPDCP)<\/strong>\u00a0\u00een situa\u021bia \u00een care considera\u021bi c\u0103 datele dumneavoastr\u0103 nu au fost prelucrate \u00een conformitate cu prevederile legale.<\/p><p>Pentru exercitarea drepturilor men\u021bionate mai sus, v\u0103 rug\u0103m s\u0103 v\u0103 adresa\u021bi printr-o cerere scris\u0103, datat\u0103 \u0219i semnat\u0103 la adresa de e-mail: <a href=\"mailto:export@sophia-concept.com\">export@sophia-concept.com<\/a>, ori la adresa po\u0219tal\u0103: ROM\u00c2NIA, JUDE\u021aUL IA\u0218I, SAT VALEA LUPULUI, DN. 28, 36A, \u00een aten\u021bia RESPONSABILULUI PENTRU DATE PERSONALE \u2013 ANAMARIA CLAUDIA GEORGESCU.<\/p>\t\t\t\t\t\t\t\t<\/div>\n\t\t\t\t<\/div>\n\t\t\t\t<div class=\"elementor-element elementor-element-135d13a elementor-widget elementor-widget-heading\" data-id=\"135d13a\" data-element_type=\"widget\" data-e-type=\"widget\" data-widget_type=\"heading.default\">\n\t\t\t\t<div class=\"elementor-widget-container\">\n\t\t\t\t\t<h2 class=\"elementor-heading-title elementor-size-default\">6. LITIGII. LEGEA APLICABIL\u0102<\/h2>\t\t\t\t<\/div>\n\t\t\t\t<\/div>\n\t\t\t\t<div class=\"elementor-element elementor-element-50e778c elementor-widget elementor-widget-text-editor\" data-id=\"50e778c\" data-element_type=\"widget\" data-e-type=\"widget\" data-widget_type=\"text-editor.default\">\n\t\t\t\t<div class=\"elementor-widget-container\">\n\t\t\t\t\t\t\t\t\t<p>Orice litigiu ap\u0103rut va fi rezolvat prin \u00een\u021belegere \u00eentre cele dou\u0103 p\u0103r\u021bi (pe cale amiabil\u0103). \u00cen cazul \u00een care nu s-a reu\u0219it stingerea conflictului pe cale amiabil\u0103, competen\u021ba revine instan\u021belor de judecat\u0103 rom\u00e2ne, de pe raza sediului social al \u00a0<strong>SOPHIA 2004 SRL<\/strong>.<br \/><strong>SOPHIA 2004 SRL<\/strong> <strong>nu r\u0103spunde pentru pagubele, costurile, procesele, preten\u021biile sau cheltuielile ap\u0103rute ca urmare a nerespect\u0103rii de c\u0103tre utilizatori a \u201eTermenilor \u0219i condi\u021biilor\u201d.<\/strong><\/p>\t\t\t\t\t\t\t\t<\/div>\n\t\t\t\t<\/div>\n\t\t\t\t<\/div>\n\t\t\t\t<\/div>\n\t\t","protected":false},"excerpt":{"rendered":"<p>Termeni \u0219i condi\u021bii La adresa www.sophiahomedecoration.com se reg\u0103sesc informa\u021bii (texte, poze, baze de date etc.) care constituie con\u021binutul site-ului www.sophiahomedecoration.com, proprietatea SOPHIA 2004 SRL, cu sediul social \u00een ROM\u00c2NIA, JUDE\u021aUL IA\u0218I, SAT VALEA LUPULUI, DN. 28, 36A, \u00eenregistrata la Registrul Comer\u021bului cu nr. J22\/2031\/2004, CUI 16801404. Orice preluare a con\u021binutului (integral\u0103 sau par\u021bial\u0103) \u00een alte [&hellip;]<\/p>\n","protected":false},"author":2,"featured_media":0,"parent":0,"menu_order":0,"comment_status":"closed","ping_status":"closed","template":"","meta":{"_acf_changed":false,"footnotes":""},"class_list":["post-8398","page","type-page","status-publish","hentry"],"acf":[],"yoast_head":"<!-- This site is optimized with the Yoast SEO plugin v27.4 - https:\/\/yoast.com\/product\/yoast-seo-wordpress\/ -->\n<title>Termeni \u0219i condi\u021bii - Sophia Home Decoration<\/title>\n<meta name=\"robots\" content=\"index, follow, max-snippet:-1, max-image-preview:large, max-video-preview:-1\" \/>\n<link rel=\"canonical\" href=\"https:\/\/sophiahomedecoration.com\/ro\/termeni-si-conditii\/\" \/>\n<meta property=\"og:locale\" content=\"ro_RO\" \/>\n<meta property=\"og:type\" content=\"article\" \/>\n<meta property=\"og:title\" content=\"Termeni \u0219i condi\u021bii - Sophia Home Decoration\" \/>\n<meta property=\"og:description\" content=\"Termeni \u0219i condi\u021bii La adresa www.sophiahomedecoration.com se reg\u0103sesc informa\u021bii (texte, poze, baze de date etc.) care constituie con\u021binutul site-ului www.sophiahomedecoration.com, proprietatea SOPHIA 2004 SRL, cu sediul social \u00een ROM\u00c2NIA, JUDE\u021aUL IA\u0218I, SAT VALEA LUPULUI, DN. 28, 36A, \u00eenregistrata la Registrul Comer\u021bului cu nr. J22\/2031\/2004, CUI 16801404. Orice preluare a con\u021binutului (integral\u0103 sau par\u021bial\u0103) \u00een alte [&hellip;]\" \/>\n<meta property=\"og:url\" content=\"https:\/\/sophiahomedecoration.com\/ro\/termeni-si-conditii\/\" \/>\n<meta property=\"og:site_name\" content=\"Sophia Home Decoration\" \/>\n<meta property=\"article:modified_time\" content=\"2024-07-06T11:56:00+00:00\" \/>\n<meta name=\"twitter:card\" content=\"summary_large_image\" \/>\n<meta name=\"twitter:label1\" content=\"Timp estimat pentru citire\" \/>\n\t<meta name=\"twitter:data1\" content=\"7 minute\" \/>\n<script type=\"application\/ld+json\" class=\"yoast-schema-graph\">{\"@context\":\"https:\\\/\\\/schema.org\",\"@graph\":[{\"@type\":\"WebPage\",\"@id\":\"https:\\\/\\\/sophiahomedecoration.com\\\/ro\\\/termeni-si-conditii\\\/\",\"url\":\"https:\\\/\\\/sophiahomedecoration.com\\\/ro\\\/termeni-si-conditii\\\/\",\"name\":\"Termeni \u0219i condi\u021bii - Sophia Home Decoration\",\"isPartOf\":{\"@id\":\"https:\\\/\\\/sophiahomedecoration.com\\\/ro\\\/#website\"},\"datePublished\":\"2024-07-02T05:10:36+00:00\",\"dateModified\":\"2024-07-06T11:56:00+00:00\",\"breadcrumb\":{\"@id\":\"https:\\\/\\\/sophiahomedecoration.com\\\/ro\\\/termeni-si-conditii\\\/#breadcrumb\"},\"inLanguage\":\"ro-RO\",\"potentialAction\":[{\"@type\":\"ReadAction\",\"target\":[\"https:\\\/\\\/sophiahomedecoration.com\\\/ro\\\/termeni-si-conditii\\\/\"]}]},{\"@type\":\"BreadcrumbList\",\"@id\":\"https:\\\/\\\/sophiahomedecoration.com\\\/ro\\\/termeni-si-conditii\\\/#breadcrumb\",\"itemListElement\":[{\"@type\":\"ListItem\",\"position\":1,\"name\":\"Home\",\"item\":\"https:\\\/\\\/sophiahomedecoration.com\\\/ro\\\/\"},{\"@type\":\"ListItem\",\"position\":2,\"name\":\"Termeni \u0219i condi\u021bii\"}]},{\"@type\":\"WebSite\",\"@id\":\"https:\\\/\\\/sophiahomedecoration.com\\\/ro\\\/#website\",\"url\":\"https:\\\/\\\/sophiahomedecoration.com\\\/ro\\\/\",\"name\":\"Sophia Home Decoration\",\"description\":\"Stylish collections of curtains and voiles, various fabrics, cushion covers, quilts, bedspreads, bed runners, tablecloths, linens, fastening systems, decorative objects, wooden or forged iron furniture, anything you might need for interior design projects.\",\"publisher\":{\"@id\":\"https:\\\/\\\/sophiahomedecoration.com\\\/ro\\\/#organization\"},\"potentialAction\":[{\"@type\":\"SearchAction\",\"target\":{\"@type\":\"EntryPoint\",\"urlTemplate\":\"https:\\\/\\\/sophiahomedecoration.com\\\/ro\\\/?s={search_term_string}\"},\"query-input\":{\"@type\":\"PropertyValueSpecification\",\"valueRequired\":true,\"valueName\":\"search_term_string\"}}],\"inLanguage\":\"ro-RO\"},{\"@type\":\"Organization\",\"@id\":\"https:\\\/\\\/sophiahomedecoration.com\\\/ro\\\/#organization\",\"name\":\"Sophia Home Decoration\",\"url\":\"https:\\\/\\\/sophiahomedecoration.com\\\/ro\\\/\",\"logo\":{\"@type\":\"ImageObject\",\"inLanguage\":\"ro-RO\",\"@id\":\"https:\\\/\\\/sophiahomedecoration.com\\\/ro\\\/#\\\/schema\\\/logo\\\/image\\\/\",\"url\":\"https:\\\/\\\/sophiahomedecoration.com\\\/wp-content\\\/uploads\\\/2024\\\/03\\\/Logo-Shophia-home-decoration-black.svg\",\"contentUrl\":\"https:\\\/\\\/sophiahomedecoration.com\\\/wp-content\\\/uploads\\\/2024\\\/03\\\/Logo-Shophia-home-decoration-black.svg\",\"width\":200,\"height\":88,\"caption\":\"Sophia Home Decoration\"},\"image\":{\"@id\":\"https:\\\/\\\/sophiahomedecoration.com\\\/ro\\\/#\\\/schema\\\/logo\\\/image\\\/\"}}]}<\/script>\n<!-- \/ Yoast SEO plugin. -->","yoast_head_json":{"title":"Termeni \u0219i condi\u021bii - Sophia Home Decoration","robots":{"index":"index","follow":"follow","max-snippet":"max-snippet:-1","max-image-preview":"max-image-preview:large","max-video-preview":"max-video-preview:-1"},"canonical":"https:\/\/sophiahomedecoration.com\/ro\/termeni-si-conditii\/","og_locale":"ro_RO","og_type":"article","og_title":"Termeni \u0219i condi\u021bii - Sophia Home Decoration","og_description":"Termeni \u0219i condi\u021bii La adresa www.sophiahomedecoration.com se reg\u0103sesc informa\u021bii (texte, poze, baze de date etc.) care constituie con\u021binutul site-ului www.sophiahomedecoration.com, proprietatea SOPHIA 2004 SRL, cu sediul social \u00een ROM\u00c2NIA, JUDE\u021aUL IA\u0218I, SAT VALEA LUPULUI, DN. 28, 36A, \u00eenregistrata la Registrul Comer\u021bului cu nr. J22\/2031\/2004, CUI 16801404. Orice preluare a con\u021binutului (integral\u0103 sau par\u021bial\u0103) \u00een alte [&hellip;]","og_url":"https:\/\/sophiahomedecoration.com\/ro\/termeni-si-conditii\/","og_site_name":"Sophia Home Decoration","article_modified_time":"2024-07-06T11:56:00+00:00","twitter_card":"summary_large_image","twitter_misc":{"Timp estimat pentru citire":"7 minute"},"schema":{"@context":"https:\/\/schema.org","@graph":[{"@type":"WebPage","@id":"https:\/\/sophiahomedecoration.com\/ro\/termeni-si-conditii\/","url":"https:\/\/sophiahomedecoration.com\/ro\/termeni-si-conditii\/","name":"Termeni \u0219i condi\u021bii - Sophia Home Decoration","isPartOf":{"@id":"https:\/\/sophiahomedecoration.com\/ro\/#website"},"datePublished":"2024-07-02T05:10:36+00:00","dateModified":"2024-07-06T11:56:00+00:00","breadcrumb":{"@id":"https:\/\/sophiahomedecoration.com\/ro\/termeni-si-conditii\/#breadcrumb"},"inLanguage":"ro-RO","potentialAction":[{"@type":"ReadAction","target":["https:\/\/sophiahomedecoration.com\/ro\/termeni-si-conditii\/"]}]},{"@type":"BreadcrumbList","@id":"https:\/\/sophiahomedecoration.com\/ro\/termeni-si-conditii\/#breadcrumb","itemListElement":[{"@type":"ListItem","position":1,"name":"Home","item":"https:\/\/sophiahomedecoration.com\/ro\/"},{"@type":"ListItem","position":2,"name":"Termeni \u0219i condi\u021bii"}]},{"@type":"WebSite","@id":"https:\/\/sophiahomedecoration.com\/ro\/#website","url":"https:\/\/sophiahomedecoration.com\/ro\/","name":"Sophia Home Decoration","description":"Stylish collections of curtains and voiles, various fabrics, cushion covers, quilts, bedspreads, bed runners, tablecloths, linens, fastening systems, decorative objects, wooden or forged iron furniture, anything you might need for interior design projects.","publisher":{"@id":"https:\/\/sophiahomedecoration.com\/ro\/#organization"},"potentialAction":[{"@type":"SearchAction","target":{"@type":"EntryPoint","urlTemplate":"https:\/\/sophiahomedecoration.com\/ro\/?s={search_term_string}"},"query-input":{"@type":"PropertyValueSpecification","valueRequired":true,"valueName":"search_term_string"}}],"inLanguage":"ro-RO"},{"@type":"Organization","@id":"https:\/\/sophiahomedecoration.com\/ro\/#organization","name":"Sophia Home Decoration","url":"https:\/\/sophiahomedecoration.com\/ro\/","logo":{"@type":"ImageObject","inLanguage":"ro-RO","@id":"https:\/\/sophiahomedecoration.com\/ro\/#\/schema\/logo\/image\/","url":"https:\/\/sophiahomedecoration.com\/wp-content\/uploads\/2024\/03\/Logo-Shophia-home-decoration-black.svg","contentUrl":"https:\/\/sophiahomedecoration.com\/wp-content\/uploads\/2024\/03\/Logo-Shophia-home-decoration-black.svg","width":200,"height":88,"caption":"Sophia Home Decoration"},"image":{"@id":"https:\/\/sophiahomedecoration.com\/ro\/#\/schema\/logo\/image\/"}}]}},"_links":{"self":[{"href":"https:\/\/sophiahomedecoration.com\/ro\/wp-json\/wp\/v2\/pages\/8398","targetHints":{"allow":["GET"]}}],"collection":[{"href":"https:\/\/sophiahomedecoration.com\/ro\/wp-json\/wp\/v2\/pages"}],"about":[{"href":"https:\/\/sophiahomedecoration.com\/ro\/wp-json\/wp\/v2\/types\/page"}],"author":[{"embeddable":true,"href":"https:\/\/sophiahomedecoration.com\/ro\/wp-json\/wp\/v2\/users\/2"}],"replies":[{"embeddable":true,"href":"https:\/\/sophiahomedecoration.com\/ro\/wp-json\/wp\/v2\/comments?post=8398"}],"version-history":[{"count":5,"href":"https:\/\/sophiahomedecoration.com\/ro\/wp-json\/wp\/v2\/pages\/8398\/revisions"}],"predecessor-version":[{"id":8403,"href":"https:\/\/sophiahomedecoration.com\/ro\/wp-json\/wp\/v2\/pages\/8398\/revisions\/8403"}],"wp:attachment":[{"href":"https:\/\/sophiahomedecoration.com\/ro\/wp-json\/wp\/v2\/media?parent=8398"}],"curies":[{"name":"wp","href":"https:\/\/api.w.org\/{rel}","templated":true}]}}