{"id":11087,"date":"2024-12-13T17:21:11","date_gmt":"2024-12-13T15:21:11","guid":{"rendered":"https:\/\/sophiahomedecoration.com\/?page_id=11087"},"modified":"2024-12-13T17:36:51","modified_gmt":"2024-12-13T15:36:51","slug":"regulament-oficial-al-concursului-giveaway-sophia-home-decoration","status":"publish","type":"page","link":"https:\/\/sophiahomedecoration.com\/ro\/regulament-oficial-al-concursului-giveaway-sophia-home-decoration\/","title":{"rendered":"Regulament Oficial al Concursului Giveaway Sophia Home Decoration"},"content":{"rendered":"\t\t<div data-elementor-type=\"wp-page\" data-elementor-id=\"11087\" class=\"elementor elementor-11087\" data-elementor-post-type=\"page\">\n\t\t\t\t<div class=\"elementor-element elementor-element-b6a7551 e-con-full e-flex e-con e-parent\" data-id=\"b6a7551\" data-element_type=\"container\" data-e-type=\"container\" data-settings=\"{&quot;background_background&quot;:&quot;classic&quot;}\">\n\t\t\t\t<div class=\"elementor-element elementor-element-1cafeef elementor-widget__width-inherit elementor-widget elementor-widget-heading\" data-id=\"1cafeef\" data-element_type=\"widget\" data-e-type=\"widget\" data-widget_type=\"heading.default\">\n\t\t\t\t<div class=\"elementor-widget-container\">\n\t\t\t\t\t<h1 class=\"elementor-heading-title elementor-size-default\">Regulament Oficial al Concursului Giveaway Sophia Home Decoration<\/h1>\t\t\t\t<\/div>\n\t\t\t\t<\/div>\n\t\t\t\t<\/div>\n\t\t<div class=\"elementor-element elementor-element-9b67a2e e-flex e-con-boxed e-con e-parent\" data-id=\"9b67a2e\" data-element_type=\"container\" data-e-type=\"container\">\n\t\t\t\t\t<div class=\"e-con-inner\">\n\t\t\t\t<div class=\"elementor-element elementor-element-51b8a0a elementor-widget elementor-widget-heading\" data-id=\"51b8a0a\" data-element_type=\"widget\" data-e-type=\"widget\" data-widget_type=\"heading.default\">\n\t\t\t\t<div class=\"elementor-widget-container\">\n\t\t\t\t\t<h2 class=\"elementor-heading-title elementor-size-default\">1. Organizatorul Concursului\n<\/h2>\t\t\t\t<\/div>\n\t\t\t\t<\/div>\n\t\t\t\t<div class=\"elementor-element elementor-element-4ae83fe elementor-widget elementor-widget-text-editor\" data-id=\"4ae83fe\" data-element_type=\"widget\" data-e-type=\"widget\" data-widget_type=\"text-editor.default\">\n\t\t\t\t<div class=\"elementor-widget-container\">\n\t\t\t\t\t\t\t\t\t<p class=\"p1\">Concursul este organizat de S.C. SOPHIA 2004 S.R.L., cu sediul social \u00een Bd. Poitiers, nr. 5A, Ia\u0219i, Rom\u00e2nia, av\u00e2nd codul unic de \u00eenregistrare RO 16801404, \u00eenregistrat\u0103 la Registrul Comer\u021bului cu nr. J22\/2031\/2004. Pentru orice \u00eentreb\u0103ri legate de acest concurs, ne pute\u021bi contacta la adresa de email office@sophia-romania.ro.<\/p>\t\t\t\t\t\t\t\t<\/div>\n\t\t\t\t<\/div>\n\t\t\t\t<div class=\"elementor-element elementor-element-a3d49e4 elementor-widget elementor-widget-heading\" data-id=\"a3d49e4\" data-element_type=\"widget\" data-e-type=\"widget\" data-widget_type=\"heading.default\">\n\t\t\t\t<div class=\"elementor-widget-container\">\n\t\t\t\t\t<h2 class=\"elementor-heading-title elementor-size-default\">2. Durata Concursului\n\n<\/h2>\t\t\t\t<\/div>\n\t\t\t\t<\/div>\n\t\t\t\t<div class=\"elementor-element elementor-element-e8c0290 elementor-widget elementor-widget-text-editor\" data-id=\"e8c0290\" data-element_type=\"widget\" data-e-type=\"widget\" data-widget_type=\"text-editor.default\">\n\t\t\t\t<div class=\"elementor-widget-container\">\n\t\t\t\t\t\t\t\t\t<p class=\"p1\">Concursul se desf\u0103\u0219oar\u0103 \u00een perioada 13-15.12.2024, \u00eencheindu-se la ora 00:00. Orice participare \u00eenregistrat\u0103 \u00een afara acestei perioade nu va fi luat\u0103 \u00een considerare.<\/p>\t\t\t\t\t\t\t\t<\/div>\n\t\t\t\t<\/div>\n\t\t\t\t<div class=\"elementor-element elementor-element-7b8ae58 elementor-widget elementor-widget-heading\" data-id=\"7b8ae58\" data-element_type=\"widget\" data-e-type=\"widget\" data-widget_type=\"heading.default\">\n\t\t\t\t<div class=\"elementor-widget-container\">\n\t\t\t\t\t<h2 class=\"elementor-heading-title elementor-size-default\">3. Dreptul de Participare<\/h2>\t\t\t\t<\/div>\n\t\t\t\t<\/div>\n\t\t\t\t<div class=\"elementor-element elementor-element-bb7c26c elementor-widget elementor-widget-text-editor\" data-id=\"bb7c26c\" data-element_type=\"widget\" data-e-type=\"widget\" data-widget_type=\"text-editor.default\">\n\t\t\t\t<div class=\"elementor-widget-container\">\n\t\t\t\t\t\t\t\t\t<p class=\"p1\">Concursul este deschis tuturor persoanelor fizice cu v\u00e2rsta de minimum 18 ani, rezidente \u00een Rom\u00e2nia. Sunt exclu\u0219i de la participare angaja\u021bii S.C. SOPHIA 2004 S.R.L., rudele acestora p\u00e2n\u0103 la gradul al doilea inclusiv, precum \u0219i alte persoane implicate \u00een organizarea concursului.<\/p>\t\t\t\t\t\t\t\t<\/div>\n\t\t\t\t<\/div>\n\t\t\t\t<div class=\"elementor-element elementor-element-159d153 elementor-widget elementor-widget-heading\" data-id=\"159d153\" data-element_type=\"widget\" data-e-type=\"widget\" data-widget_type=\"heading.default\">\n\t\t\t\t<div class=\"elementor-widget-container\">\n\t\t\t\t\t<h2 class=\"elementor-heading-title elementor-size-default\">4. Mecanismul Concursului\n<\/h2>\t\t\t\t<\/div>\n\t\t\t\t<\/div>\n\t\t\t\t<div class=\"elementor-element elementor-element-0a37e1b elementor-widget elementor-widget-text-editor\" data-id=\"0a37e1b\" data-element_type=\"widget\" data-e-type=\"widget\" data-widget_type=\"text-editor.default\">\n\t\t\t\t<div class=\"elementor-widget-container\">\n\t\t\t\t\t\t\t\t\t<p class=\"p1\">Pentru a participa, concuren\u021bii trebuie s\u0103 urmeze pa\u0219ii urm\u0103tori:<\/p>\n<ul class=\"ul1\">\n<li class=\"li1\">Like\/Follow la paginile Sophia Home Decoration de Facebook \u0219i Instagram<\/li>\n<li class=\"li1\">Etichetarea a trei prieteni \u00eentr-un comentariu la postarea dedicat\u0103 concursului.<\/li>\n<li class=\"li1\">Distribuirea post\u0103rii concursului pe propriul profil de Facebook.<\/li>\n<\/ul>\n<p class=\"p1\">O persoan\u0103 poate participa o singur\u0103 dat\u0103 la concurs. Duplicatele se vor sterge.<\/p>\t\t\t\t\t\t\t\t<\/div>\n\t\t\t\t<\/div>\n\t\t\t\t<div class=\"elementor-element elementor-element-70753e7 elementor-widget elementor-widget-heading\" data-id=\"70753e7\" data-element_type=\"widget\" data-e-type=\"widget\" data-widget_type=\"heading.default\">\n\t\t\t\t<div class=\"elementor-widget-container\">\n\t\t\t\t\t<h2 class=\"elementor-heading-title elementor-size-default\">5. Premiile Oferite\n<\/h2>\t\t\t\t<\/div>\n\t\t\t\t<\/div>\n\t\t\t\t<div class=\"elementor-element elementor-element-945f211 elementor-widget elementor-widget-text-editor\" data-id=\"945f211\" data-element_type=\"widget\" data-e-type=\"widget\" data-widget_type=\"text-editor.default\">\n\t\t\t\t<div class=\"elementor-widget-container\">\n\t\t\t\t\t\t\t\t\t<p class=\"p1\">Premiul const\u0103 \u00eentr-un 2 x fe\u021be de perne VELVET Brodery oferite de Sophia Home Decoration.<\/p>\t\t\t\t\t\t\t\t<\/div>\n\t\t\t\t<\/div>\n\t\t\t\t<div class=\"elementor-element elementor-element-0c78004 elementor-widget elementor-widget-heading\" data-id=\"0c78004\" data-element_type=\"widget\" data-e-type=\"widget\" data-widget_type=\"heading.default\">\n\t\t\t\t<div class=\"elementor-widget-container\">\n\t\t\t\t\t<h2 class=\"elementor-heading-title elementor-size-default\">6. Desemnarea C\u00e2\u0219tig\u0103torului\n<\/h2>\t\t\t\t<\/div>\n\t\t\t\t<\/div>\n\t\t\t\t<div class=\"elementor-element elementor-element-cc5527d elementor-widget elementor-widget-text-editor\" data-id=\"cc5527d\" data-element_type=\"widget\" data-e-type=\"widget\" data-widget_type=\"text-editor.default\">\n\t\t\t\t<div class=\"elementor-widget-container\">\n\t\t\t\t\t\t\t\t\t<p class=\"p1\">C\u00e2\u0219tig\u0103torul va fi ales prin tragere la sor\u021bi, utiliz\u00e2nd o platform\u0103 automatizat\u0103, precum Random.org. Tragerea la sor\u021bi va avea loc \u00een data de 16.12.2024.<\/p>\t\t\t\t\t\t\t\t<\/div>\n\t\t\t\t<\/div>\n\t\t\t\t<div class=\"elementor-element elementor-element-4555e46 elementor-widget elementor-widget-heading\" data-id=\"4555e46\" data-element_type=\"widget\" data-e-type=\"widget\" data-widget_type=\"heading.default\">\n\t\t\t\t<div class=\"elementor-widget-container\">\n\t\t\t\t\t<h2 class=\"elementor-heading-title elementor-size-default\">7. Anun\u021barea C\u00e2\u0219tig\u0103torului\n<\/h2>\t\t\t\t<\/div>\n\t\t\t\t<\/div>\n\t\t\t\t<div class=\"elementor-element elementor-element-c04bd7f elementor-widget elementor-widget-text-editor\" data-id=\"c04bd7f\" data-element_type=\"widget\" data-e-type=\"widget\" data-widget_type=\"text-editor.default\">\n\t\t\t\t<div class=\"elementor-widget-container\">\n\t\t\t\t\t\t\t\t\t<p class=\"p1\">C\u00e2\u0219tig\u0103torul va fi anun\u021bat pe paginile oficiale de Facebook \u0219i Instagram Sophia Home Decoration \u00een termen de 3 zile lucr\u0103toare de la data tragerii la sor\u021bi. De asemenea, organizatorul va contacta c\u00e2\u0219tig\u0103torul \u0219i prin mesaj privat pentru confirmarea detaliilor.<\/p>\t\t\t\t\t\t\t\t<\/div>\n\t\t\t\t<\/div>\n\t\t\t\t<div class=\"elementor-element elementor-element-c5740bd elementor-widget elementor-widget-heading\" data-id=\"c5740bd\" data-element_type=\"widget\" data-e-type=\"widget\" data-widget_type=\"heading.default\">\n\t\t\t\t<div class=\"elementor-widget-container\">\n\t\t\t\t\t<h2 class=\"elementor-heading-title elementor-size-default\">8. Acordarea Premiului\n<\/h2>\t\t\t\t<\/div>\n\t\t\t\t<\/div>\n\t\t\t\t<div class=\"elementor-element elementor-element-b7e5ae3 elementor-widget elementor-widget-text-editor\" data-id=\"b7e5ae3\" data-element_type=\"widget\" data-e-type=\"widget\" data-widget_type=\"text-editor.default\">\n\t\t\t\t<div class=\"elementor-widget-container\">\n\t\t\t\t\t\t\t\t\t<p class=\"p1\">C\u00e2\u0219tig\u0103torul trebuie s\u0103 r\u0103spund\u0103 mesajului de confirmare \u00een termen de 5 zile lucr\u0103toare pentru a furniza informa\u021biile necesare livr\u0103rii premiului. C\u00e2\u0219tig\u0103torul este a\u0219teptat \u00een magazin, \u00een ora\u0219ul \u00een care a c\u00e2\u0219tigat premiul, pentru a ridica produsele.<\/p>\t\t\t\t\t\t\t\t<\/div>\n\t\t\t\t<\/div>\n\t\t\t\t<div class=\"elementor-element elementor-element-5b90c6b elementor-widget elementor-widget-heading\" data-id=\"5b90c6b\" data-element_type=\"widget\" data-e-type=\"widget\" data-widget_type=\"heading.default\">\n\t\t\t\t<div class=\"elementor-widget-container\">\n\t\t\t\t\t<h2 class=\"elementor-heading-title elementor-size-default\">9. Protec\u021bia Datelor Personale\n<\/h2>\t\t\t\t<\/div>\n\t\t\t\t<\/div>\n\t\t\t\t<div class=\"elementor-element elementor-element-233de97 elementor-widget elementor-widget-text-editor\" data-id=\"233de97\" data-element_type=\"widget\" data-e-type=\"widget\" data-widget_type=\"text-editor.default\">\n\t\t\t\t<div class=\"elementor-widget-container\">\n\t\t\t\t\t\t\t\t\t<p class=\"p1\">Datele personale ale participan\u021bilor vor fi colectate \u0219i prelucrate exclusiv \u00een scopul desf\u0103\u0219ur\u0103rii acestui concurs, conform Regulamentului General privind Protec\u021bia Datelor (GDPR). Participan\u021bii au dreptul de a solicita accesul, rectificarea sau \u0219tergerea datelor lor personale. Organizatorul garanteaz\u0103 securitatea datelor colectate \u0219i nu le va partaja cu ter\u021bi.<\/p>\t\t\t\t\t\t\t\t<\/div>\n\t\t\t\t<\/div>\n\t\t\t\t<div class=\"elementor-element elementor-element-aeebf61 elementor-widget elementor-widget-heading\" data-id=\"aeebf61\" data-element_type=\"widget\" data-e-type=\"widget\" data-widget_type=\"heading.default\">\n\t\t\t\t<div class=\"elementor-widget-container\">\n\t\t\t\t\t<h2 class=\"elementor-heading-title elementor-size-default\">10. Taxe \u0219i Impozite<\/h2>\t\t\t\t<\/div>\n\t\t\t\t<\/div>\n\t\t\t\t<div class=\"elementor-element elementor-element-b5648ab elementor-widget elementor-widget-text-editor\" data-id=\"b5648ab\" data-element_type=\"widget\" data-e-type=\"widget\" data-widget_type=\"text-editor.default\">\n\t\t\t\t<div class=\"elementor-widget-container\">\n\t\t\t\t\t\t\t\t\t<p class=\"p1\">Orice obliga\u021bie fiscal\u0103 legat\u0103 de premiu va fi suportat\u0103 de organizator, conform legisla\u021biei \u00een vigoare.<\/p>\t\t\t\t\t\t\t\t<\/div>\n\t\t\t\t<\/div>\n\t\t\t\t<div class=\"elementor-element elementor-element-b4f98ca elementor-widget elementor-widget-heading\" data-id=\"b4f98ca\" data-element_type=\"widget\" data-e-type=\"widget\" data-widget_type=\"heading.default\">\n\t\t\t\t<div class=\"elementor-widget-container\">\n\t\t\t\t\t<h2 class=\"elementor-heading-title elementor-size-default\">11. Dispozi\u021bii Finale\n<\/h2>\t\t\t\t<\/div>\n\t\t\t\t<\/div>\n\t\t\t\t<div class=\"elementor-element elementor-element-a63c76a elementor-widget elementor-widget-text-editor\" data-id=\"a63c76a\" data-element_type=\"widget\" data-e-type=\"widget\" data-widget_type=\"text-editor.default\">\n\t\t\t\t<div class=\"elementor-widget-container\">\n\t\t\t\t\t\t\t\t\t<p class=\"p1\">Organizatorul \u00ee\u0219i rezerv\u0103 dreptul de a modifica prezentul regulament, cu condi\u021bia de a anun\u021ba public aceste modific\u0103ri pe paginile oficiale de Facebook \u0219i Instagram Sophia Home Decoration. Participarea la concurs implic\u0103 acceptarea necondi\u021bionat\u0103 a prezentului regulament.<\/p>\n<p class=\"p1\">Acest regulament este disponibil gratuit pe site-ul oficial Sophia Home Decoration.<\/p>\t\t\t\t\t\t\t\t<\/div>\n\t\t\t\t<\/div>\n\t\t\t\t\t<\/div>\n\t\t\t\t<\/div>\n\t\t\t\t<\/div>\n\t\t","protected":false},"excerpt":{"rendered":"<p>Regulament Oficial al Concursului Giveaway Sophia Home Decoration 1. Organizatorul Concursului Concursul este organizat de S.C. SOPHIA 2004 S.R.L., cu sediul social \u00een Bd. Poitiers, nr. 5A, Ia\u0219i, Rom\u00e2nia, av\u00e2nd codul unic de \u00eenregistrare RO 16801404, \u00eenregistrat\u0103 la Registrul Comer\u021bului cu nr. J22\/2031\/2004. Pentru orice \u00eentreb\u0103ri legate de acest concurs, ne pute\u021bi contacta la adresa [&hellip;]<\/p>\n","protected":false},"author":2,"featured_media":0,"parent":0,"menu_order":0,"comment_status":"closed","ping_status":"closed","template":"","meta":{"_acf_changed":false,"footnotes":""},"class_list":["post-11087","page","type-page","status-publish","hentry"],"acf":[],"yoast_head":"<!-- This site is optimized with the Yoast SEO plugin v27.3 - https:\/\/yoast.com\/product\/yoast-seo-wordpress\/ -->\n<title>Regulament Oficial al Concursului Giveaway Sophia Home Decoration - Sophia Home Decoration<\/title>\n<meta name=\"robots\" content=\"index, follow, max-snippet:-1, max-image-preview:large, max-video-preview:-1\" \/>\n<link rel=\"canonical\" href=\"https:\/\/sophiahomedecoration.com\/ro\/regulament-oficial-al-concursului-giveaway-sophia-home-decoration\/\" \/>\n<meta property=\"og:locale\" content=\"ro_RO\" \/>\n<meta property=\"og:type\" content=\"article\" \/>\n<meta property=\"og:title\" content=\"Regulament Oficial al Concursului Giveaway Sophia Home Decoration - Sophia Home Decoration\" \/>\n<meta property=\"og:description\" content=\"Regulament Oficial al Concursului Giveaway Sophia Home Decoration 1. Organizatorul Concursului Concursul este organizat de S.C. SOPHIA 2004 S.R.L., cu sediul social \u00een Bd. Poitiers, nr. 5A, Ia\u0219i, Rom\u00e2nia, av\u00e2nd codul unic de \u00eenregistrare RO 16801404, \u00eenregistrat\u0103 la Registrul Comer\u021bului cu nr. J22\/2031\/2004. Pentru orice \u00eentreb\u0103ri legate de acest concurs, ne pute\u021bi contacta la adresa [&hellip;]\" \/>\n<meta property=\"og:url\" content=\"https:\/\/sophiahomedecoration.com\/ro\/regulament-oficial-al-concursului-giveaway-sophia-home-decoration\/\" \/>\n<meta property=\"og:site_name\" content=\"Sophia Home Decoration\" \/>\n<meta property=\"article:modified_time\" content=\"2024-12-13T15:36:51+00:00\" \/>\n<meta name=\"twitter:card\" content=\"summary_large_image\" \/>\n<meta name=\"twitter:label1\" content=\"Timp estimat pentru citire\" \/>\n\t<meta name=\"twitter:data1\" content=\"3 minute\" \/>\n<script type=\"application\/ld+json\" class=\"yoast-schema-graph\">{\"@context\":\"https:\\\/\\\/schema.org\",\"@graph\":[{\"@type\":\"WebPage\",\"@id\":\"https:\\\/\\\/sophiahomedecoration.com\\\/ro\\\/regulament-oficial-al-concursului-giveaway-sophia-home-decoration\\\/\",\"url\":\"https:\\\/\\\/sophiahomedecoration.com\\\/ro\\\/regulament-oficial-al-concursului-giveaway-sophia-home-decoration\\\/\",\"name\":\"Regulament Oficial al Concursului Giveaway Sophia Home Decoration - Sophia Home Decoration\",\"isPartOf\":{\"@id\":\"https:\\\/\\\/sophiahomedecoration.com\\\/ro\\\/#website\"},\"datePublished\":\"2024-12-13T15:21:11+00:00\",\"dateModified\":\"2024-12-13T15:36:51+00:00\",\"breadcrumb\":{\"@id\":\"https:\\\/\\\/sophiahomedecoration.com\\\/ro\\\/regulament-oficial-al-concursului-giveaway-sophia-home-decoration\\\/#breadcrumb\"},\"inLanguage\":\"ro-RO\",\"potentialAction\":[{\"@type\":\"ReadAction\",\"target\":[\"https:\\\/\\\/sophiahomedecoration.com\\\/ro\\\/regulament-oficial-al-concursului-giveaway-sophia-home-decoration\\\/\"]}]},{\"@type\":\"BreadcrumbList\",\"@id\":\"https:\\\/\\\/sophiahomedecoration.com\\\/ro\\\/regulament-oficial-al-concursului-giveaway-sophia-home-decoration\\\/#breadcrumb\",\"itemListElement\":[{\"@type\":\"ListItem\",\"position\":1,\"name\":\"Home\",\"item\":\"https:\\\/\\\/sophiahomedecoration.com\\\/ro\\\/\"},{\"@type\":\"ListItem\",\"position\":2,\"name\":\"Regulament Oficial al Concursului Giveaway Sophia Home Decoration\"}]},{\"@type\":\"WebSite\",\"@id\":\"https:\\\/\\\/sophiahomedecoration.com\\\/ro\\\/#website\",\"url\":\"https:\\\/\\\/sophiahomedecoration.com\\\/ro\\\/\",\"name\":\"Sophia Home Decoration\",\"description\":\"Stylish collections of curtains and voiles, various fabrics, cushion covers, quilts, bedspreads, bed runners, tablecloths, linens, fastening systems, decorative objects, wooden or forged iron furniture, anything you might need for interior design projects.\",\"publisher\":{\"@id\":\"https:\\\/\\\/sophiahomedecoration.com\\\/ro\\\/#organization\"},\"potentialAction\":[{\"@type\":\"SearchAction\",\"target\":{\"@type\":\"EntryPoint\",\"urlTemplate\":\"https:\\\/\\\/sophiahomedecoration.com\\\/ro\\\/?s={search_term_string}\"},\"query-input\":{\"@type\":\"PropertyValueSpecification\",\"valueRequired\":true,\"valueName\":\"search_term_string\"}}],\"inLanguage\":\"ro-RO\"},{\"@type\":\"Organization\",\"@id\":\"https:\\\/\\\/sophiahomedecoration.com\\\/ro\\\/#organization\",\"name\":\"Sophia Home Decoration\",\"url\":\"https:\\\/\\\/sophiahomedecoration.com\\\/ro\\\/\",\"logo\":{\"@type\":\"ImageObject\",\"inLanguage\":\"ro-RO\",\"@id\":\"https:\\\/\\\/sophiahomedecoration.com\\\/ro\\\/#\\\/schema\\\/logo\\\/image\\\/\",\"url\":\"https:\\\/\\\/sophiahomedecoration.com\\\/wp-content\\\/uploads\\\/2024\\\/03\\\/Logo-Shophia-home-decoration-black.svg\",\"contentUrl\":\"https:\\\/\\\/sophiahomedecoration.com\\\/wp-content\\\/uploads\\\/2024\\\/03\\\/Logo-Shophia-home-decoration-black.svg\",\"width\":200,\"height\":88,\"caption\":\"Sophia Home Decoration\"},\"image\":{\"@id\":\"https:\\\/\\\/sophiahomedecoration.com\\\/ro\\\/#\\\/schema\\\/logo\\\/image\\\/\"}}]}<\/script>\n<!-- \/ Yoast SEO plugin. -->","yoast_head_json":{"title":"Regulament Oficial al Concursului Giveaway Sophia Home Decoration - Sophia Home Decoration","robots":{"index":"index","follow":"follow","max-snippet":"max-snippet:-1","max-image-preview":"max-image-preview:large","max-video-preview":"max-video-preview:-1"},"canonical":"https:\/\/sophiahomedecoration.com\/ro\/regulament-oficial-al-concursului-giveaway-sophia-home-decoration\/","og_locale":"ro_RO","og_type":"article","og_title":"Regulament Oficial al Concursului Giveaway Sophia Home Decoration - Sophia Home Decoration","og_description":"Regulament Oficial al Concursului Giveaway Sophia Home Decoration 1. Organizatorul Concursului Concursul este organizat de S.C. SOPHIA 2004 S.R.L., cu sediul social \u00een Bd. Poitiers, nr. 5A, Ia\u0219i, Rom\u00e2nia, av\u00e2nd codul unic de \u00eenregistrare RO 16801404, \u00eenregistrat\u0103 la Registrul Comer\u021bului cu nr. J22\/2031\/2004. Pentru orice \u00eentreb\u0103ri legate de acest concurs, ne pute\u021bi contacta la adresa [&hellip;]","og_url":"https:\/\/sophiahomedecoration.com\/ro\/regulament-oficial-al-concursului-giveaway-sophia-home-decoration\/","og_site_name":"Sophia Home Decoration","article_modified_time":"2024-12-13T15:36:51+00:00","twitter_card":"summary_large_image","twitter_misc":{"Timp estimat pentru citire":"3 minute"},"schema":{"@context":"https:\/\/schema.org","@graph":[{"@type":"WebPage","@id":"https:\/\/sophiahomedecoration.com\/ro\/regulament-oficial-al-concursului-giveaway-sophia-home-decoration\/","url":"https:\/\/sophiahomedecoration.com\/ro\/regulament-oficial-al-concursului-giveaway-sophia-home-decoration\/","name":"Regulament Oficial al Concursului Giveaway Sophia Home Decoration - Sophia Home Decoration","isPartOf":{"@id":"https:\/\/sophiahomedecoration.com\/ro\/#website"},"datePublished":"2024-12-13T15:21:11+00:00","dateModified":"2024-12-13T15:36:51+00:00","breadcrumb":{"@id":"https:\/\/sophiahomedecoration.com\/ro\/regulament-oficial-al-concursului-giveaway-sophia-home-decoration\/#breadcrumb"},"inLanguage":"ro-RO","potentialAction":[{"@type":"ReadAction","target":["https:\/\/sophiahomedecoration.com\/ro\/regulament-oficial-al-concursului-giveaway-sophia-home-decoration\/"]}]},{"@type":"BreadcrumbList","@id":"https:\/\/sophiahomedecoration.com\/ro\/regulament-oficial-al-concursului-giveaway-sophia-home-decoration\/#breadcrumb","itemListElement":[{"@type":"ListItem","position":1,"name":"Home","item":"https:\/\/sophiahomedecoration.com\/ro\/"},{"@type":"ListItem","position":2,"name":"Regulament Oficial al Concursului Giveaway Sophia Home Decoration"}]},{"@type":"WebSite","@id":"https:\/\/sophiahomedecoration.com\/ro\/#website","url":"https:\/\/sophiahomedecoration.com\/ro\/","name":"Sophia Home Decoration","description":"Stylish collections of curtains and voiles, various fabrics, cushion covers, quilts, bedspreads, bed runners, tablecloths, linens, fastening systems, decorative objects, wooden or forged iron furniture, anything you might need for interior design projects.","publisher":{"@id":"https:\/\/sophiahomedecoration.com\/ro\/#organization"},"potentialAction":[{"@type":"SearchAction","target":{"@type":"EntryPoint","urlTemplate":"https:\/\/sophiahomedecoration.com\/ro\/?s={search_term_string}"},"query-input":{"@type":"PropertyValueSpecification","valueRequired":true,"valueName":"search_term_string"}}],"inLanguage":"ro-RO"},{"@type":"Organization","@id":"https:\/\/sophiahomedecoration.com\/ro\/#organization","name":"Sophia Home Decoration","url":"https:\/\/sophiahomedecoration.com\/ro\/","logo":{"@type":"ImageObject","inLanguage":"ro-RO","@id":"https:\/\/sophiahomedecoration.com\/ro\/#\/schema\/logo\/image\/","url":"https:\/\/sophiahomedecoration.com\/wp-content\/uploads\/2024\/03\/Logo-Shophia-home-decoration-black.svg","contentUrl":"https:\/\/sophiahomedecoration.com\/wp-content\/uploads\/2024\/03\/Logo-Shophia-home-decoration-black.svg","width":200,"height":88,"caption":"Sophia Home Decoration"},"image":{"@id":"https:\/\/sophiahomedecoration.com\/ro\/#\/schema\/logo\/image\/"}}]}},"_links":{"self":[{"href":"https:\/\/sophiahomedecoration.com\/ro\/wp-json\/wp\/v2\/pages\/11087","targetHints":{"allow":["GET"]}}],"collection":[{"href":"https:\/\/sophiahomedecoration.com\/ro\/wp-json\/wp\/v2\/pages"}],"about":[{"href":"https:\/\/sophiahomedecoration.com\/ro\/wp-json\/wp\/v2\/types\/page"}],"author":[{"embeddable":true,"href":"https:\/\/sophiahomedecoration.com\/ro\/wp-json\/wp\/v2\/users\/2"}],"replies":[{"embeddable":true,"href":"https:\/\/sophiahomedecoration.com\/ro\/wp-json\/wp\/v2\/comments?post=11087"}],"version-history":[{"count":4,"href":"https:\/\/sophiahomedecoration.com\/ro\/wp-json\/wp\/v2\/pages\/11087\/revisions"}],"predecessor-version":[{"id":11092,"href":"https:\/\/sophiahomedecoration.com\/ro\/wp-json\/wp\/v2\/pages\/11087\/revisions\/11092"}],"wp:attachment":[{"href":"https:\/\/sophiahomedecoration.com\/ro\/wp-json\/wp\/v2\/media?parent=11087"}],"curies":[{"name":"wp","href":"https:\/\/api.w.org\/{rel}","templated":true}]}}